{"id":1144,"date":"2022-05-26T19:59:23","date_gmt":"2022-05-26T19:59:23","guid":{"rendered":"https:\/\/www.manuelbelen.com\/?page_id=1144"},"modified":"2022-06-24T13:57:09","modified_gmt":"2022-06-24T13:57:09","slug":"frequently-asked-questions","status":"publish","type":"page","link":"https:\/\/www.manuelbelen.com\/es\/frequently-asked-questions\/","title":{"rendered":"Preguntas frecuentes"},"content":{"rendered":"<section class=\"wpb-content-wrapper\"><div class=\"vc_row wpb_row vc_row-fluid bg-image-ps-inherit\"><div class=\"wpb_column vc_column_container vc_col-sm-12\"><div class=\"vc_column-inner\"><div class=\"wpb_wrapper\"><div id=\"ct-heading\" class=\"ct-heading align-center align-center-md align-center-sm align-center-xs \">\n    \n    \n        \n        \n    <h3 class=\"ct-heading-tag \" style=\"color:#2e6096; \">\n                                    Preguntas frecuentes                                    <\/h3>\n\n    \n    <\/div><div class=\"vc_separator wpb_content_element vc_separator_align_center vc_sep_width_100 vc_sep_pos_align_center vc_separator_no_text vc_sep_color_blue\" ><span class=\"vc_sep_holder vc_sep_holder_l\"><span class=\"vc_sep_line\"><\/span><\/span><span class=\"vc_sep_holder vc_sep_holder_r\"><span class=\"vc_sep_line\"><\/span><\/span>\n<\/div><\/div><\/div><\/div><\/div><div class=\"vc_row wpb_row vc_row-fluid bg-image-ps-inherit\"><div class=\"wpb_column vc_column_container vc_col-sm-12\"><div class=\"vc_column-inner\"><div class=\"wpb_wrapper\"><div id=\"ct-heading-2\" class=\"ct-heading align-left align-left-md align-left-sm align-left-xs \">\n    \n    \n        \n        \n    <h3 class=\"ct-heading-tag \" style=\"color:#2e6096; \">\n                                    Recomendaciones Pre- Quir\u00fargica                                    <\/h3>\n\n    \n    <\/div>\n\t<div class=\"wpb_text_column wpb_content_element \" >\n\t\t<div class=\"wpb_wrapper\">\n\t\t\t<p>Algunas consideraciones a tomar en cuenta antes de la cirug\u00eda son:<\/p>\n<ol>\n<li><strong>HEMOGLOBINA<\/strong>\u00a0mayor de 12g\/dl.<\/li>\n<li>Tener <strong>IMC<\/strong>\u00a0menor a 35.<\/li>\n<li><strong>COMER SALUDABLE: <\/strong>vegetales, carnes magras a la parrilla o vapor, pescado, frutas, frijoles y beber mucha agua. Algunos alimentos que no se recomienda comer en grandes cantidades: arroz, pan, harina, golosinas, alimentos fritos, jugos artificiales, soda.<\/li>\n<li><strong>SUPLEMENTOS:<\/strong>\u00a0Tome 1 tableta al d\u00eda de Hierro 325mg y \u00e1cido f\u00f3lico 5mg durante 6 semanas.<\/li>\n<li><strong>H\u00c1BITOS T\u00d3XICOS:<\/strong>\u00a0no fumar cigarros, Hooka, o drogas, 2 meses antes de la cirug\u00eda.<\/li>\n<li><strong>NO USAR:<\/strong>\u00a0aspirina o anticoagulantes sin autorizaci\u00f3n de su m\u00e9dico.<\/li>\n<li><strong>NO TOMAR:<\/strong> vitaminas E, D, A, K, Calcio, Omega III, ni anticonceptivos orales, 3 semanas antes de venir.<\/li>\n<\/ol>\n<p><strong>DEBERIAS TRAER:<\/strong><\/p>\n<ul>\n<li>Ropa c\u00f3moda abierta en la parte delantera.<\/li>\n<li>Medias de compresi\u00f3n de un tama\u00f1o adecuado.<\/li>\n<li>Camisetas blancas de algod\u00f3n para uso por debajo de las fajas.<\/li>\n<li>Analg\u00e9sicos de su preferencia.<\/li>\n<li>Si usa medicamentos de rutina: para dormir, alta presi\u00f3n, asma, etc. Traerlos.<\/li>\n<li>Para los masajes traer crema \u00e1rnica.<\/li>\n<li>Toallas \u00edntimas de tama\u00f1o grande (maternas) y desechables (wipes).<\/li>\n<\/ul>\n<p><strong>EL DIA ANTES DE LA CIRUG\u00cdA<\/strong><\/p>\n<ul>\n<li>Ba\u00f1arse con jab\u00f3n de clorexidina en 2 ocasiones durante las 24 horas previas a su cirug\u00eda.<\/li>\n<li>Asegurarse de tener todos los documentos personales a mano y el de un acompa\u00f1ante y formalizar todo lo relacionado a su cirug\u00eda.<\/li>\n<li>Comer normal hasta las 7 pm y ligero hasta las 10 de las noche luego de ah\u00ed dieta cero (no comer ni beber nada).<\/li>\n<li>Si tiene alguna condici\u00f3n m\u00e9dica como es hipertensa, diab\u00e9tica, asm\u00e1tica etc. No olvide sus medicamentos adem\u00e1s de traerlos.<\/li>\n<\/ul>\n<p><strong>EL DIA DE LA CIRUG\u00cdA<\/strong><\/p>\n<p>Asegurarse haber hecho todas las recomendaciones del d\u00eda antes.<\/p>\n<p>Presentarse a la hora pautada para su ingreso y posterior procedimiento quir\u00fargico<strong>.<\/strong><\/p>\n<p><strong>\u00a0<\/strong><\/p>\n\n\t\t<\/div>\n\t<\/div>\n<\/div><\/div><\/div><\/div><div class=\"vc_row wpb_row vc_row-fluid bg-image-ps-inherit\"><div class=\"wpb_column vc_column_container vc_col-sm-6\"><div class=\"vc_column-inner\"><div class=\"wpb_wrapper\"><div class=\"vc_btn3-container vc_btn3-center\" ><a class=\"vc_general vc_btn3 vc_btn3-size-lg vc_btn3-shape-rounded vc_btn3-style-flat vc_btn3-color-primary\" href=\"https:\/\/www.manuelbelen.com\/wp-content\/uploads\/2022\/06\/4.ANTES-DE-LA-CIRUGIA-1.pdf\" title=\"\" target=\"_blank\">Descargar PDF(ES)<\/a><\/div><\/div><\/div><\/div><div class=\"wpb_column vc_column_container vc_col-sm-6\"><div class=\"vc_column-inner\"><div class=\"wpb_wrapper\"><div class=\"vc_btn3-container vc_btn3-center\" ><a class=\"vc_general vc_btn3 vc_btn3-size-lg vc_btn3-shape-rounded vc_btn3-style-flat vc_btn3-color-primary\" href=\"https:\/\/www.manuelbelen.com\/wp-content\/uploads\/2022\/06\/1.BEFORE-SURGERY-1.pdf\" title=\"\" target=\"_blank\">Descargar PDF (EN)<\/a><\/div><\/div><\/div><\/div><\/div><div class=\"vc_row wpb_row vc_row-fluid bg-image-ps-inherit\"><div class=\"wpb_column vc_column_container vc_col-sm-12\"><div class=\"vc_column-inner\"><div class=\"wpb_wrapper\"><div id=\"ct-heading-3\" class=\"ct-heading align-left align-left-md align-left-sm align-left-xs \">\n    \n    \n        \n        \n    <h3 class=\"ct-heading-tag \" style=\"color:#2e6096; \">\n                                    RECOMENDACIONES POSTQUIR\u00daRGICAS                                    <\/h3>\n\n    \n    <\/div>\n\t<div class=\"wpb_text_column wpb_content_element \" >\n\t\t<div class=\"wpb_wrapper\">\n\t\t\t<p><strong>CUIDADOS GENERALES<\/strong><\/p>\n<p>Seguir las instrucciones m\u00e9dicas al pie de la letra.<\/p>\n<ul>\n<li>Debe descansar de la faja 2 horas en la ma\u00f1ana y 2 horas en la noche.<\/li>\n<li>Usar las medias compresivas en todo momento hasta completar el tiempo recomendado por su m\u00e9dico.<\/li>\n<li>Hacer ejercicios respiratorios de 5 respiraciones profundas cada 5 a 10 min. Realizar 5 series durante el d\u00eda.<\/li>\n<li>Camina el mayor tiempo posible durante el d\u00eda. Resto del tiempo sentada y solo acostarse de noche.<\/li>\n<li>Cumplir con un m\u00ednimo de 10 masajes postquir\u00fargicos de drenaje linf\u00e1tico.<\/li>\n<li>Vigilar que el l\u00edquido del drenaje est\u00e9 siempre en movimiento y que la v\u00e1lvula este abierta.<\/li>\n<li>Mantenerse en comunicaci\u00f3n con nuestra oficina para el seguimiento correcto de su evoluci\u00f3n.<\/li>\n<\/ul>\n<p><strong>CUIDADO DE LAS HERIDAS<\/strong><\/p>\n<ul>\n<li>Debe limpiar la herida con alcohol y gasa todos los d\u00edas.<\/li>\n<li>Luego de limpiar la herida coloque el polvo <strong>Tecassol<\/strong> en caso de que su m\u00e9dico lo indique.<\/li>\n<li>Los tapes de las heridas se cambian cuando se ensucien. No es necesario cambiarlos todos los d\u00edas. Luego de la \u00faltima cura el tape se remueve despu\u00e9s de 10 d\u00edas.<\/li>\n<li>Los puntos se caen solos.<\/li>\n<li>Cuando la herida haya cerrado completamente, aplique el <strong>Silipack<\/strong> si su m\u00e9dico lo indica. Ponga una gota del gel y esp\u00e1rcela con el dedo haciendo presi\u00f3n sobre la cicatriz.<\/li>\n<\/ul>\n<p><strong>USO DE MEDICAMENTOS<\/strong><\/p>\n<p>Seguir al pie de la letra el uso de los medicamentos como se especifica en la indicaci\u00f3n m\u00e9dica<strong>.<\/strong><\/p>\n<p><strong>ALIMENTACI\u00d3N <\/strong><\/p>\n<p>Lo m\u00e1s importante en la recuperaci\u00f3n luego de un proceso de cirug\u00eda pl\u00e1stica, es una excelente alimentaci\u00f3n. Por lo cual\u00a0 recomendamos lo siguiente:<\/p>\n<ul>\n<li>Tomar entre 5 y 10 vasos de agua de 12 onzas al d\u00eda, 8 en promedio.<\/li>\n<li>Comer en cantidades normales. En las primeras 2 semanas la dieta debe ser rica en prote\u00ednas (Huevos, Carnes, Pescado) y carbohidratos (Arroz, Habichuelas, frutas y vegetales).<\/li>\n<li><u>Bajo ning\u00fan concepto hacer dietas para rebajar<\/u> puesto que las demandas energ\u00e9ticas son mayores en el paciente operado.<\/li>\n<li>En caso de necesitar dieta espec\u00edfica les orientaremos con el departamento de nutrici\u00f3n para individualizar cada caso.<\/li>\n<\/ul>\n<p><strong>CITAS DE SEGUIMIENTO<\/strong><\/p>\n<p>Luego de la cirug\u00eda se supervisa el proceso postquir\u00fargico, velando por un manejo adecuado que asegure un excelente resultado. En cada cita se realizar\u00e1 lo siguiente:<\/p>\n<ul>\n<li>Vigilar el correcto funcionamiento del drenaje.<\/li>\n<li>Limpieza y cura de heridas.<\/li>\n<li>Indicar el grado de compresi\u00f3n de la faja.<\/li>\n<li>Masajes posquir\u00fargicos (con cita previa).<\/li>\n<li>Supervisar el moldeamiento de la figura acorde a la t\u00e9cnica de masaje requerida.<\/li>\n<li>Retiro del drenaje.<\/li>\n<\/ul>\n<p><strong>TRAER EN CADA CITA:<\/strong><\/p>\n<ul>\n<li>Franela de algod\u00f3n.<\/li>\n<li>Toallas sanitarias grandes y gruesas.<\/li>\n<li>Crema \u00c1rnica para los masajes.<\/li>\n<li>Faja y tablas<\/li>\n<li>Wipes<\/li>\n<li>Inspirometro<\/li>\n<\/ul>\n\n\t\t<\/div>\n\t<\/div>\n\n\t<div class=\"wpb_text_column wpb_content_element \" >\n\t\t<div class=\"wpb_wrapper\">\n\t\t\t<p><strong>\u00a0CUIDADOS GENERALES<\/strong><\/p>\n<p>Seguir las instrucciones m\u00e9dicas al pie de la letra.<\/p>\n<ul>\n<li>Debe descansar de la faja 2 horas en la ma\u00f1ana y 2 horas en la noche.<\/li>\n<li>Usar las medias compresivas en todo momento hasta completar el tiempo recomendado por su m\u00e9dico.<\/li>\n<li>Hacer ejercicios respiratorios de 5 respiraciones profundas cada 5 a 10 min. Realizar 5 series durante el d\u00eda.<\/li>\n<li>Camina el mayor tiempo posible durante el d\u00eda. Resto del tiempo sentada y solo acostarse de noche.<\/li>\n<li>Cumplir con un m\u00ednimo de 10 masajes postquir\u00fargicos de drenaje linf\u00e1tico.<\/li>\n<li>Vigilar que el l\u00edquido del drenaje est\u00e9 siempre en movimiento y que la v\u00e1lvula este abierta.<\/li>\n<li>Mantenerse en comunicaci\u00f3n con nuestra oficina para el seguimiento correcto de su evoluci\u00f3n.<\/li>\n<\/ul>\n<p><strong>CUIDADO DE LAS HERIDAS<\/strong><\/p>\n<ul>\n<li>Debe limpiar la herida con alcohol y gasa todos los d\u00edas.<\/li>\n<li>Luego de limpiar la herida coloque el polvo <strong>Tecassol<\/strong> en caso de que su m\u00e9dico lo indique.<\/li>\n<li>Los tapes de las heridas se cambian cuando se ensucien. No es necesario cambiarlos todos los d\u00edas. Luego de la \u00faltima cura el tape se remueve despu\u00e9s de 10 d\u00edas.<\/li>\n<li>Los puntos se caen solos.<\/li>\n<li>Cuando la herida haya cerrado completamente, aplique el <strong>Silipack<\/strong> si su m\u00e9dico lo indica. Ponga una gota del gel y esp\u00e1rcela con el dedo haciendo presi\u00f3n sobre la cicatriz.<\/li>\n<\/ul>\n<p><strong>USO DE MEDICAMENTOS<\/strong><\/p>\n<p>Seguir al pie de la letra el uso de los medicamentos como se especifica en la indicaci\u00f3n m\u00e9dica<strong>.<\/strong><\/p>\n<p><strong>ALIMENTACI\u00d3N <\/strong><\/p>\n<p>Lo m\u00e1s importante en la recuperaci\u00f3n luego de un proceso de cirug\u00eda pl\u00e1stica, es una excelente alimentaci\u00f3n. Por lo cual\u00a0 recomendamos lo siguiente:<\/p>\n<ul>\n<li>Tomar entre 5 y 10 vasos de agua de 12 onzas al d\u00eda, 8 en promedio.<\/li>\n<li>Comer en cantidades normales. En las primeras 2 semanas la dieta debe ser rica en prote\u00ednas (Huevos, Carnes, Pescado) y carbohidratos (Arroz, Habichuelas, frutas y vegetales).<\/li>\n<li><u>Bajo ning\u00fan concepto hacer dietas para rebajar<\/u> puesto que las demandas energ\u00e9ticas son mayores en el paciente operado.<\/li>\n<li>En caso de necesitar dieta espec\u00edfica les orientaremos con el departamento de nutrici\u00f3n para individualizar cada caso.<\/li>\n<\/ul>\n<p><strong>CITAS DE SEGUIMIENTO<\/strong><\/p>\n<p>Luego de la cirug\u00eda se supervisa el proceso postquir\u00fargico, velando por un manejo adecuado que asegure un excelente resultado. En cada cita se realizar\u00e1 lo siguiente:<\/p>\n<ul>\n<li>Vigilar el correcto funcionamiento del drenaje.<\/li>\n<li>Limpieza y cura de heridas.<\/li>\n<li>Indicar el grado de compresi\u00f3n de la faja.<\/li>\n<li>Masajes posquir\u00fargicos (con cita previa).<\/li>\n<li>Supervisar el moldeamiento de la figura acorde a la t\u00e9cnica de masaje requerida.<\/li>\n<li>Retiro del drenaje.<\/li>\n<\/ul>\n<p><strong>TRAER EN CADA CITA:<\/strong><\/p>\n<ul>\n<li>Franela de algod\u00f3n.<\/li>\n<li>Toallas sanitarias grandes y gruesas.<\/li>\n<li>Crema \u00c1rnica para los masajes.<\/li>\n<li>Faja y tablas<\/li>\n<li>Wipes<\/li>\n<li>Inspirometro<\/li>\n<\/ul>\n\n\t\t<\/div>\n\t<\/div>\n<\/div><\/div><\/div><\/div><div class=\"vc_row wpb_row vc_row-fluid bg-image-ps-inherit\"><div class=\"wpb_column vc_column_container vc_col-sm-6\"><div class=\"vc_column-inner\"><div class=\"wpb_wrapper\"><div class=\"vc_btn3-container vc_btn3-center\" ><a class=\"vc_general vc_btn3 vc_btn3-size-lg vc_btn3-shape-rounded vc_btn3-style-flat vc_btn3-color-primary\" href=\"https:\/\/www.manuelbelen.com\/wp-content\/uploads\/2022\/06\/5.DESPUES-DE-CIRUGIA-1.pdf\" title=\"\" target=\"_blank\">Descargar PDF(ES)<\/a><\/div><\/div><\/div><\/div><div class=\"wpb_column vc_column_container vc_col-sm-6\"><div class=\"vc_column-inner\"><div class=\"wpb_wrapper\"><div class=\"vc_btn3-container vc_btn3-center\" ><a class=\"vc_general vc_btn3 vc_btn3-size-lg vc_btn3-shape-rounded vc_btn3-style-flat vc_btn3-color-primary\" href=\"https:\/\/www.manuelbelen.com\/wp-content\/uploads\/2022\/06\/2.AFTER-SURGERY-1.pdf\" title=\"\" target=\"_blank\">Descargar PDF (EN)<\/a><\/div><\/div><\/div><\/div><\/div><div class=\"vc_row wpb_row vc_row-fluid bg-image-ps-inherit\"><div class=\"wpb_column vc_column_container vc_col-sm-12\"><div class=\"vc_column-inner\"><div class=\"wpb_wrapper\"><div id=\"ct-heading-4\" class=\"ct-heading align-left align-left-md align-left-sm align-left-xs \">\n    \n    \n        \n        \n    <h3 class=\"ct-heading-tag \" style=\"color:#2e6096; \">\n                                    PREGUNTAS FRECUENTES DESPU\u00c9S DE LA CIRUG\u00cdA                                    <\/h3>\n\n    \n    <\/div>\n\t<div class=\"wpb_text_column wpb_content_element \" >\n\t\t<div class=\"wpb_wrapper\">\n\t\t\t<ol>\n<li><strong>\u00bfQu\u00e9 debo esperar durante el proceso de curaci\u00f3n? \u00bfY qu\u00e9 debo hacer en ciertas situaciones? <\/strong>La salida de l\u00edquido a trav\u00e9s del drenaje debe ser constante. Monitorear el drenaje es importante para prevenir bloqueos de flujo. Debe consultar a su m\u00e9dico s\u00ed tiene fiebre, dolor de cabeza, debilidad, reacci\u00f3n al\u00e9rgica o dolor que no desaparece con los medicamentos.<\/li>\n<li><strong> \u00bfDurante cu\u00e1nto tiempo debo usar la faja? <\/strong>Usar diario la faja durante 3 meses. Descansa de la faja 2 horas por la ma\u00f1ana y 2 horas por la noche, antes de irte a dormir.<\/li>\n<li><strong> \u00bfC\u00f3mo dormir? <\/strong>Duerma en una posici\u00f3n c\u00f3moda con la espalda inclinada y las rodillas flexionadas. Use almohadas en la espalda y debajo de la rodilla.<\/li>\n<li><strong> \u00bfCu\u00e1nto tiempo debo usar la almohada de gl\u00fateos? <\/strong>Si\u00e9ntese sobre el pillow durante las primeras 3 semanas. Puede continuar su uso por 2 meses por comodidad.<\/li>\n<li><strong> \u00bfCu\u00e1ndo puedo hacer ejercicio o nadar? <\/strong>En general, puede hacer ejercicios luego de 3 meses. Si es lipoescultura solamente, puede realizar ejercicios luego de un mes. Mientras que si fue Mamoplastia solamente, estos pueden ser luego de 6 semanas.<\/li>\n<li><strong> \u00bfCu\u00e1ndo puedo tener relaciones sexuales? <\/strong>A los 21 d\u00edas puede tener relaciones sexuales o siempre que se sienta c\u00f3moda.<\/li>\n<li><strong> \u00bfCu\u00e1ndo puedo ducharme? <\/strong>Puede ducharse cuando sanen los puntos y se haya retirado el drenaje. Utilice jab\u00f3n de clorhexidina. No remueva el tape a menos que se ensucie.<\/li>\n<li><strong> \u00bfCu\u00e1ndo puedo afeitarme despu\u00e9s de la cirug\u00eda? <\/strong>Puede remover el vello con rasuradora, desde que crezca. Evite otros m\u00e9todos de depilaci\u00f3n.<\/li>\n<li><strong> \u00bfEn cu\u00e1ntos a\u00f1os debo cambiar mis implantes? <\/strong>Cada 10 a\u00f1os es recomendable una revisi\u00f3n y estar en la disposici\u00f3n de reemplazarlos, si es necesario.<\/li>\n<li><strong> \u00bfPuedo levantar los brazos despu\u00e9s de la cirug\u00eda de mama? <\/strong>Puede levantar a 90\u00b0 perfectamente por periodos cortos, a 120\u00b0 durante el masaje y luego de 21 d\u00edas puede mover los brazos libremente.<\/li>\n<li><strong> \u00bfCu\u00e1ndo est\u00e1 bien levantar algo pesado o conducir? <\/strong>Luego de 6 semanas puede levantar peso menor a 10 libras. Puede conducir luego de un mes.<\/li>\n<li><strong> \u00bfPor cu\u00e1nto tiempo debo recibir masajes? <\/strong>Se inician al d\u00eda siguiente de la cirug\u00eda, por 10 d\u00edas para retirar el drenaje. Luego continuar con 3 a 4 masajes por semana por 2 semanas m\u00e1s. Despu\u00e9s ser\u00e1n m\u00ednimo 1 masaje a la semana por tres (3) meses.<\/li>\n<li><strong>\u00bfDurante cu\u00e1nto tiempo debo usar medias de compresi\u00f3n? <\/strong>Use las medias de compresi\u00f3n en todo momento hasta completar 1 mes.<\/li>\n<\/ol>\n\n\t\t<\/div>\n\t<\/div>\n<\/div><\/div><\/div><\/div><div class=\"vc_row wpb_row vc_row-fluid bg-image-ps-inherit\"><div class=\"wpb_column vc_column_container vc_col-sm-6\"><div class=\"vc_column-inner\"><div class=\"wpb_wrapper\"><div class=\"vc_btn3-container vc_btn3-center\" ><a class=\"vc_general vc_btn3 vc_btn3-size-lg vc_btn3-shape-rounded vc_btn3-style-flat vc_btn3-color-primary\" href=\"https:\/\/www.manuelbelen.com\/wp-content\/uploads\/2022\/06\/6.PREGUNTAS-1.pdf\" title=\"\" target=\"_blank\">Descargar PDF(ES)<\/a><\/div><\/div><\/div><\/div><div class=\"wpb_column vc_column_container vc_col-sm-6\"><div class=\"vc_column-inner\"><div class=\"wpb_wrapper\"><div class=\"vc_btn3-container vc_btn3-center\" ><a class=\"vc_general vc_btn3 vc_btn3-size-lg vc_btn3-shape-rounded vc_btn3-style-flat vc_btn3-color-primary\" href=\"https:\/\/www.manuelbelen.com\/wp-content\/uploads\/2022\/06\/3.QUESTIONS-1.pdf\" title=\"\" target=\"_blank\">Descargar PDF (EN)<\/a><\/div><\/div><\/div><\/div><\/div>\n<\/section>","protected":false},"excerpt":{"rendered":"Preguntas frecuentes Recomendaciones Pre- Quir\u00fargica Algunas consideraciones a tomar en cuenta antes de la cirug\u00eda son: HEMOGLOBINA\u00a0mayor de 12g\/dl. Tener IMC\u00a0menor a 35. COMER SALUDABLE: vegetales, carnes magras a la parrilla o vapor, pescado, frutas, frijoles y beber mucha agua. Algunos alimentos que no se recomienda comer en grandes cantidades: arroz, pan, harina, golosinas, alimentos [...]","protected":false},"author":1,"featured_media":0,"parent":0,"menu_order":0,"comment_status":"closed","ping_status":"closed","template":"","meta":{"footnotes":""},"class_list":["post-1144","page","type-page","status-publish","hentry"],"_links":{"self":[{"href":"https:\/\/www.manuelbelen.com\/es\/wp-json\/wp\/v2\/pages\/1144","targetHints":{"allow":["GET"]}}],"collection":[{"href":"https:\/\/www.manuelbelen.com\/es\/wp-json\/wp\/v2\/pages"}],"about":[{"href":"https:\/\/www.manuelbelen.com\/es\/wp-json\/wp\/v2\/types\/page"}],"author":[{"embeddable":true,"href":"https:\/\/www.manuelbelen.com\/es\/wp-json\/wp\/v2\/users\/1"}],"replies":[{"embeddable":true,"href":"https:\/\/www.manuelbelen.com\/es\/wp-json\/wp\/v2\/comments?post=1144"}],"version-history":[{"count":0,"href":"https:\/\/www.manuelbelen.com\/es\/wp-json\/wp\/v2\/pages\/1144\/revisions"}],"wp:attachment":[{"href":"https:\/\/www.manuelbelen.com\/es\/wp-json\/wp\/v2\/media?parent=1144"}],"curies":[{"name":"wp","href":"https:\/\/api.w.org\/{rel}","templated":true}]}}