{"id":1070,"date":"2022-05-24T21:49:28","date_gmt":"2022-05-24T21:49:28","guid":{"rendered":"https:\/\/www.manuelbelen.com\/?page_id=1070"},"modified":"2022-06-10T14:03:52","modified_gmt":"2022-06-10T14:03:52","slug":"services","status":"publish","type":"page","link":"https:\/\/www.manuelbelen.com\/en\/services\/","title":{"rendered":"Services"},"content":{"rendered":"<section class=\"wpb-content-wrapper\"><div class=\"vc_row wpb_row vc_row-fluid bg-image-ps-inherit\"><div class=\"wpb_column vc_column_container vc_col-sm-12\"><div class=\"vc_column-inner\"><div class=\"wpb_wrapper\"><div id=\"ct-heading\" class=\"ct-heading align-left align-left-md align-left-sm align-left-xs\">\n    \n    \n        \n        \n    <h3 class=\"ct-heading-tag\" style=\"color:#2e6096; \">\n                                    Services                                    <\/h3>\n\n    \n    <\/div>    <div class=\"ct-textbox style-normal text-left\" style=\"\">\n        The vast majority of our patients are received from abroad. For such purposes we have all the facilities in terms of travel arrangements, transfers, lodging and post-surgical recovery for our patients.    <\/div>\n<div id=\"ct-space-69ed1c27b7326\">\n\t<style type=\"text\/css\">\n\t\t@media screen and (min-width: 1200px) {\n\t\t\t#ct-space-69ed1c27b7326 .ct-space {\n\t\t\t\theight: 60px;\n\t\t\t}\n\t\t}\n\t\t@media (min-width: 992px) and (max-width: 1991px) {\n\t\t\t#ct-space-69ed1c27b7326 .ct-space {\n\t\t\t\theight: 60px;\n\t\t\t}\n\t\t}\n\t\t@media (min-width: 768px) and (max-width: 991px) {\n\t\t\t#ct-space-69ed1c27b7326 .ct-space {\n\t\t\t\theight: 60px;\n\t\t\t}\n\t\t}\n\t\t@media screen and (max-width: 767px) {\n\t\t\t#ct-space-69ed1c27b7326 .ct-space {\n\t\t\t\theight: 60px;\n\t\t\t}\n\t\t}\n\t<\/style>\n\t<div class=\"ct-space\"><\/div>\n<\/div><\/div><\/div><\/div><\/div><div class=\"vc_row wpb_row vc_row-fluid bg-image-ps-inherit\"><div class=\"wpb_column vc_column_container vc_col-sm-6\"><div class=\"vc_column-inner\"><div class=\"wpb_wrapper\"><div id=\"ct-heading-2\" class=\"ct-heading align-left align-left-md align-left-sm align-left-xs\">\n    \n    \n        \n        \n    <h3 class=\"ct-heading-tag\" style=\"color:#2e6096; \">\n                                    Accommodation                                    <\/h3>\n\n    \n    <\/div>\n\t<div  class=\"wpb_single_image wpb_content_element vc_align_left  inherit inherit\">\n\t\t\n\t\t<figure class=\"wpb_wrapper vc_figure\">\n\t\t\t<div class=\"vc_single_image-wrapper default  vc_box_border_grey\"><img loading=\"lazy\" decoding=\"async\" width=\"680\" height=\"440\" src=\"https:\/\/www.manuelbelen.com\/wp-content\/uploads\/2022\/05\/hotel-room-680x440.jpg\" class=\"vc_single_image-img attachment-medium\" alt=\"\" title=\"hotel room\" \/><\/div>\n\t\t<\/figure>\n\t<\/div>\n<\/div><\/div><\/div><div class=\"wpb_column vc_column_container vc_col-sm-6\"><div class=\"vc_column-inner\"><div class=\"wpb_wrapper\"><div id=\"ct-space-69ed1c27b8071\">\n\t<style type=\"text\/css\">\n\t\t@media screen and (min-width: 1200px) {\n\t\t\t#ct-space-69ed1c27b8071 .ct-space {\n\t\t\t\theight: 60px;\n\t\t\t}\n\t\t}\n\t\t@media (min-width: 992px) and (max-width: 1991px) {\n\t\t\t#ct-space-69ed1c27b8071 .ct-space {\n\t\t\t\theight: 60px;\n\t\t\t}\n\t\t}\n\t\t@media (min-width: 768px) and (max-width: 991px) {\n\t\t\t#ct-space-69ed1c27b8071 .ct-space {\n\t\t\t\theight: 60px;\n\t\t\t}\n\t\t}\n\t\t@media screen and (max-width: 767px) {\n\t\t\t#ct-space-69ed1c27b8071 .ct-space {\n\t\t\t\theight: 60px;\n\t\t\t}\n\t\t}\n\t<\/style>\n\t<div class=\"ct-space\"><\/div>\n<\/div>\n\t<div class=\"wpb_text_column wpb_content_element\" >\n\t\t<div class=\"wpb_wrapper\">\n\t\t\t<p id=\"u1320-12\">We have available in our plastic surgery center an area for hotels for a more pleasant recovery of our patients, which includes facilities such as:<\/p>\n<ul id=\"u1320-27\" class=\"list0 nls-None\">\n<li id=\"u1320-16\">\u00a0\u00a0<span id=\"u1320-15\">\u00a0 Nursing services and medical assistance 24 hours.<\/span><\/li>\n<li id=\"u1320-18\">\u00a0\u00a0\u00a0 Luxury hotel room<\/li>\n<li id=\"u1320-20\">\u00a0\u00a0\u00a0 Cable TV<\/li>\n<li id=\"u1320-22\">\u00a0\u00a0\u00a0 balanced diet<\/li>\n<li id=\"u1320-24\">\u00a0\u00a0\u00a0 Internet<\/li>\n<li id=\"u1320-26\">\u00a0\u00a0\u00a0 Telephone<\/li>\n<\/ul>\n<p id=\"u1320-30\">Tambi\u00e9n tenemos la opci\u00f3n de alojar a nuestros pacientes en varias &#8220;Casas de Recuperaci\u00f3n&#8221;, las cuales tienen una infraestructura espec\u00edficamente dise\u00f1ada para el manejo y cuidado de las pacientes operadas de cirug\u00eda pl\u00e1stica, con un servicio de enfermer\u00eda las 24 horas y ofreciendo una dieta balanceada para nuestros pacientes post-quirurgicas.<\/p>\n\n\t\t<\/div>\n\t<\/div>\n<\/div><\/div><\/div><\/div><div class=\"vc_row wpb_row vc_row-fluid vc_row-o-content-middle vc_row-flex bg-image-ps-inherit\"><div class=\"wpb_column vc_column_container vc_col-sm-6\"><div class=\"vc_column-inner\"><div class=\"wpb_wrapper\"><div id=\"ct-heading-3\" class=\"ct-heading align-left align-left-md align-left-sm align-left-xs\">\n    \n    \n        \n        \n    <h3 class=\"ct-heading-tag\" style=\"color:#2e6096; \">\n                                    Transportation                                    <\/h3>\n\n    \n    <\/div>\n\t<div  class=\"wpb_single_image wpb_content_element vc_align_left  inherit inherit\">\n\t\t\n\t\t<figure class=\"wpb_wrapper vc_figure\">\n\t\t\t<div class=\"vc_single_image-wrapper default  vc_box_border_grey\"><img loading=\"lazy\" decoding=\"async\" width=\"680\" height=\"440\" src=\"https:\/\/www.manuelbelen.com\/wp-content\/uploads\/2022\/05\/cargo_van_mockup_side_view-1-680x440.png\" class=\"vc_single_image-img attachment-medium\" alt=\"\" title=\"cargo_van_mockup_side_view\" \/><\/div>\n\t\t<\/figure>\n\t<\/div>\n<\/div><\/div><\/div><div class=\"wpb_column vc_column_container vc_col-sm-6\"><div class=\"vc_column-inner\"><div class=\"wpb_wrapper\"><div id=\"ct-space-69ed1c27b8d5d\">\n\t<style type=\"text\/css\">\n\t\t@media screen and (min-width: 1200px) {\n\t\t\t#ct-space-69ed1c27b8d5d .ct-space {\n\t\t\t\theight: 60px;\n\t\t\t}\n\t\t}\n\t\t@media (min-width: 992px) and (max-width: 1991px) {\n\t\t\t#ct-space-69ed1c27b8d5d .ct-space {\n\t\t\t\theight: 60px;\n\t\t\t}\n\t\t}\n\t\t@media (min-width: 768px) and (max-width: 991px) {\n\t\t\t#ct-space-69ed1c27b8d5d .ct-space {\n\t\t\t\theight: 60px;\n\t\t\t}\n\t\t}\n\t\t@media screen and (max-width: 767px) {\n\t\t\t#ct-space-69ed1c27b8d5d .ct-space {\n\t\t\t\theight: 60px;\n\t\t\t}\n\t\t}\n\t<\/style>\n\t<div class=\"ct-space\"><\/div>\n<\/div>\n\t<div class=\"wpb_text_column wpb_content_element\" >\n\t\t<div class=\"wpb_wrapper\">\n\t\t\t<p id=\"u1320-42\" class=\"PARRAFO1\">We have a comfortable transportation fleet where our staff will be waiting for you at the airport with a sign with your name and flight number.<\/p>\n<p id=\"u1320-47\">Our wish is that you feel properly assisted from your arrival to your departure.<\/p>\n\n\t\t<\/div>\n\t<\/div>\n<\/div><\/div><\/div><\/div><div class=\"vc_row wpb_row vc_row-fluid vc_row-o-content-middle vc_row-flex bg-image-ps-inherit\"><div class=\"wpb_column vc_column_container vc_col-sm-6\"><div class=\"vc_column-inner\"><div class=\"wpb_wrapper\"><div id=\"ct-heading-4\" class=\"ct-heading align-left align-left-md align-left-sm align-left-xs\">\n    \n    \n        \n        \n    <h3 class=\"ct-heading-tag\" style=\"color:#2e6096; \">\n                                    Payment Methods                                    <\/h3>\n\n    \n    <\/div>\n\t<div  class=\"wpb_single_image wpb_content_element vc_align_left  inherit inherit\">\n\t\t\n\t\t<figure class=\"wpb_wrapper vc_figure\">\n\t\t\t<div class=\"vc_single_image-wrapper default  vc_box_border_grey\"><img loading=\"lazy\" decoding=\"async\" width=\"680\" height=\"440\" src=\"https:\/\/www.manuelbelen.com\/wp-content\/uploads\/2022\/05\/money-680x440.png\" class=\"vc_single_image-img attachment-medium\" alt=\"\" title=\"money\" \/><\/div>\n\t\t<\/figure>\n\t<\/div>\n<\/div><\/div><\/div><div class=\"wpb_column vc_column_container vc_col-sm-6\"><div class=\"vc_column-inner\"><div class=\"wpb_wrapper\"><div id=\"ct-space-69ed1c27b9a73\">\n\t<style type=\"text\/css\">\n\t\t@media screen and (min-width: 1200px) {\n\t\t\t#ct-space-69ed1c27b9a73 .ct-space {\n\t\t\t\theight: 60px;\n\t\t\t}\n\t\t}\n\t\t@media (min-width: 992px) and (max-width: 1991px) {\n\t\t\t#ct-space-69ed1c27b9a73 .ct-space {\n\t\t\t\theight: 60px;\n\t\t\t}\n\t\t}\n\t\t@media (min-width: 768px) and (max-width: 991px) {\n\t\t\t#ct-space-69ed1c27b9a73 .ct-space {\n\t\t\t\theight: 60px;\n\t\t\t}\n\t\t}\n\t\t@media screen and (max-width: 767px) {\n\t\t\t#ct-space-69ed1c27b9a73 .ct-space {\n\t\t\t\theight: 60px;\n\t\t\t}\n\t\t}\n\t<\/style>\n\t<div class=\"ct-space\"><\/div>\n<\/div>\n\t<div class=\"wpb_text_column wpb_content_element\" >\n\t\t<div class=\"wpb_wrapper\">\n\t\t\t<p>We currently only accept cash payments.<\/p>\n<p id=\"u1320-63\">\u00a0(Dollars US$ and Dominican Pesos RD$)<\/p>\n\n\t\t<\/div>\n\t<\/div>\n<\/div><\/div><\/div><\/div><div class=\"vc_row wpb_row vc_row-fluid vc_row-o-content-middle vc_row-flex bg-image-ps-inherit\"><div class=\"wpb_column vc_column_container vc_col-sm-6\"><div class=\"vc_column-inner\"><div class=\"wpb_wrapper\"><div id=\"ct-heading-5\" class=\"ct-heading align-left align-left-md align-left-sm align-left-xs\">\n    \n    \n        \n        \n    <h3 class=\"ct-heading-tag\" style=\"color:#2e6096; \">\n                                    Destination airport                                    <\/h3>\n\n    \n    <\/div>\n\t<div  class=\"wpb_single_image wpb_content_element vc_align_left  inherit inherit\">\n\t\t\n\t\t<figure class=\"wpb_wrapper vc_figure\">\n\t\t\t<div class=\"vc_single_image-wrapper default  vc_box_border_grey\"><img loading=\"lazy\" decoding=\"async\" width=\"680\" height=\"440\" src=\"https:\/\/www.manuelbelen.com\/wp-content\/uploads\/2022\/05\/Las-Americas-680x440.jpg\" class=\"vc_single_image-img attachment-medium\" alt=\"\" title=\"The Americas\" \/><\/div>\n\t\t<\/figure>\n\t<\/div>\n<\/div><\/div><\/div><div class=\"wpb_column vc_column_container vc_col-sm-6\"><div class=\"vc_column-inner\"><div class=\"wpb_wrapper\"><div id=\"ct-space-69ed1c27babbc\">\n\t<style type=\"text\/css\">\n\t\t@media screen and (min-width: 1200px) {\n\t\t\t#ct-space-69ed1c27babbc .ct-space {\n\t\t\t\theight: 60px;\n\t\t\t}\n\t\t}\n\t\t@media (min-width: 992px) and (max-width: 1991px) {\n\t\t\t#ct-space-69ed1c27babbc .ct-space {\n\t\t\t\theight: 60px;\n\t\t\t}\n\t\t}\n\t\t@media (min-width: 768px) and (max-width: 991px) {\n\t\t\t#ct-space-69ed1c27babbc .ct-space {\n\t\t\t\theight: 60px;\n\t\t\t}\n\t\t}\n\t\t@media screen and (max-width: 767px) {\n\t\t\t#ct-space-69ed1c27babbc .ct-space {\n\t\t\t\theight: 60px;\n\t\t\t}\n\t\t}\n\t<\/style>\n\t<div class=\"ct-space\"><\/div>\n<\/div>\n\t<div class=\"wpb_text_column wpb_content_element\" >\n\t\t<div class=\"wpb_wrapper\">\n\t\t\t<p>The closest airport to the city of Santo Domingo is the International Airport of the Americas (SDQ), which is located 30 minutes from the city center where our clinic is located.<\/p>\n\n\t\t<\/div>\n\t<\/div>\n<\/div><\/div><\/div><\/div><div class=\"vc_row wpb_row vc_row-fluid bg-image-ps-inherit\"><div class=\"wpb_column vc_column_container vc_col-sm-12\"><div class=\"vc_column-inner\"><div class=\"wpb_wrapper\">\n\t<div class=\"wpb_text_column wpb_content_element\" >\n\t\t<div class=\"wpb_wrapper\">\n\t\t\t<p><strong>We suggest that you stay in the country for at least 10 to 15 days for better care, surveillance and post-operative follow-up. With this we guarantee that you go home recovered and fit to show off your new figure.<\/strong><\/p>\n\n\t\t<\/div>\n\t<\/div>\n<\/div><\/div><\/div><\/div>\n<\/section>","protected":false},"excerpt":{"rendered":"Services The vast majority of our patients are received from abroad. For these purposes we have all the facilities in terms of travel arrangements, transfers, lodging and post-surgical recovery for our patients. Lodging We have available in our plastic surgery center an area for hotels for a more pleasant recovery of our patients, which [...]","protected":false},"author":1,"featured_media":0,"parent":0,"menu_order":0,"comment_status":"closed","ping_status":"closed","template":"","meta":{"footnotes":""},"class_list":["post-1070","page","type-page","status-publish","hentry"],"_links":{"self":[{"href":"https:\/\/www.manuelbelen.com\/en\/wp-json\/wp\/v2\/pages\/1070","targetHints":{"allow":["GET"]}}],"collection":[{"href":"https:\/\/www.manuelbelen.com\/en\/wp-json\/wp\/v2\/pages"}],"about":[{"href":"https:\/\/www.manuelbelen.com\/en\/wp-json\/wp\/v2\/types\/page"}],"author":[{"embeddable":true,"href":"https:\/\/www.manuelbelen.com\/en\/wp-json\/wp\/v2\/users\/1"}],"replies":[{"embeddable":true,"href":"https:\/\/www.manuelbelen.com\/en\/wp-json\/wp\/v2\/comments?post=1070"}],"version-history":[{"count":0,"href":"https:\/\/www.manuelbelen.com\/en\/wp-json\/wp\/v2\/pages\/1070\/revisions"}],"wp:attachment":[{"href":"https:\/\/www.manuelbelen.com\/en\/wp-json\/wp\/v2\/media?parent=1070"}],"curies":[{"name":"wp","href":"https:\/\/api.w.org\/{rel}","templated":true}]}}