{"id":1032,"date":"2022-05-24T15:28:15","date_gmt":"2022-05-24T15:28:15","guid":{"rendered":"https:\/\/www.manuelbelen.com\/?page_id=1032"},"modified":"2022-06-20T14:03:06","modified_gmt":"2022-06-20T14:03:06","slug":"about-me","status":"publish","type":"page","link":"https:\/\/www.manuelbelen.com\/en\/about-me\/","title":{"rendered":"About me"},"content":{"rendered":"<section class=\"wpb-content-wrapper\"><div class=\"vc_row wpb_row vc_row-fluid bg-image-ps-inherit\"><div class=\"wpb_column vc_column_container vc_col-sm-6\"><div class=\"vc_column-inner\"><div class=\"wpb_wrapper\"><div id=\"ct-heading\" class=\"ct-heading align-left align-left-md align-left-sm align-left-xs\">\n    \n    \n        \n        \n    <h3 class=\"ct-heading-tag\" style=\"color:#2e6096; \">\n                                    DR. MANUEL BELEN                                    <\/h3>\n\n    \n    <\/div>\n\t<div class=\"wpb_text_column wpb_content_element\" >\n\t\t<div class=\"wpb_wrapper\">\n\t\t\t<p style=\"text-align: center;\">Egresado &#8220;cum laude&#8221; de la escuela de medicina de la Universidad Cat\u00f3lica Tecnol\u00f3gica del Cibao UCATECI. Egresado con el t\u00edtulo de &#8220;Cirujano General&#8221; de la residencia de cirug\u00eda General del hospital Dr. Luis E. Aybar. Egresado con el t\u00edtulo de &#8220;Cirujano Pl\u00e1stico, Reconstructivo y Est\u00e9tico&#8221; de la Residencia Nacional de Cirug\u00eda Pl\u00e1stica Reconstructiva y Est\u00e9tica (RENACIP) del Hospital Salvador B. Gautier. Rotaci\u00f3n por el hospital infantil de Morelia Michoac\u00e1n M\u00e9xico, en cirug\u00eda reconstructiva y el instituto de labio y paladar hendido con el Dr. Jos\u00e9 Mena Olalde. Badia Hand to Showlder Center, Doral Florida. Cirug\u00eda de miembro superior. Hospital general de M\u00e9xico, hospital ABC, en micro-cirug\u00eda y reconstrucci\u00f3n mamaria con Dr. Raymundo Priego Blancas, Dr. Fernando Magallanes, Dr. Jos\u00e9 Luis haddad. Rotaci\u00f3n por el Instituto de Cirug\u00eda Reconstructiva Dr. Guerrero Santos (ICR) en Guadalajara, Jalisco, M\u00e9xico. Amante de las artes pl\u00e1sticas, aficionado de la m\u00fasica desde de la ni\u00f1ez, cuyos pasatiempos es la pintura y tocar la guitarra o el piano. Conferencista en m\u00faltiples congresos, y publicaciones de varios art\u00edculos referente a temas en cirug\u00eda pl\u00e1stica.<\/p>\n\n\t\t<\/div>\n\t<\/div>\n<\/div><\/div><\/div><div class=\"wpb_column vc_column_container vc_col-sm-6\"><div class=\"vc_column-inner\"><div class=\"wpb_wrapper\">\n\t<div  class=\"wpb_single_image wpb_content_element vc_align_center  inherit inherit\">\n\t\t\n\t\t<figure class=\"wpb_wrapper vc_figure\">\n\t\t\t<div class=\"vc_single_image-wrapper default  vc_box_border_grey\"><img loading=\"lazy\" decoding=\"async\" width=\"1066\" height=\"1208\" src=\"https:\/\/www.manuelbelen.com\/wp-content\/uploads\/2022\/05\/Dr-Manuel-Belen.jpeg\" class=\"vc_single_image-img attachment-full\" alt=\"\" title=\"Dr Manuel Belen\" srcset=\"https:\/\/www.manuelbelen.com\/wp-content\/uploads\/2022\/05\/Dr-Manuel-Belen.jpeg 1066w, https:\/\/www.manuelbelen.com\/wp-content\/uploads\/2022\/05\/Dr-Manuel-Belen-768x870.jpeg 768w\" sizes=\"auto, (max-width: 1066px) 100vw, 1066px\" \/><\/div>\n\t\t<\/figure>\n\t<\/div>\n<\/div><\/div><\/div><\/div><div class=\"vc_row wpb_row vc_row-fluid bg-image-ps-inherit\"><div class=\"wpb_column vc_column_container vc_col-sm-12\"><div class=\"vc_column-inner\"><div class=\"wpb_wrapper\">\n\t<div class=\"wpb_text_column wpb_content_element\" >\n\t\t<div class=\"wpb_wrapper\">\n\t\t\t<h3>Member of:<\/h3>\n\n\t\t<\/div>\n\t<\/div>\n\n    <div id=\"ct-client-carousel\" class=\"ct-client-carousel default owl-carousel\" data-item-xs=\"2\" data-item-sm=\"2\" data-item-md=\"3\" data-item-lg=\"4\" data-margin=\"30\" data-loop=\"true\" data-autoplay=\"true\" data-autoplaytimeout=\"5000\" data-smartspeed=\"250\" data-center=\"false\" data-arrows=\"false\" data-bullets=\"false\" data-stagepadding=\"0\" data-rtl=\"false\" >\n                    <div class=\"ct-client-item\">\n                                    <a href=\"https:\/\/cmd.org.do\" target=\"_blank\">\n                        <img loading=\"lazy\" decoding=\"async\" width=\"103\" height=\"103\" src=\"https:\/\/www.manuelbelen.com\/wp-content\/uploads\/2022\/05\/1.png\" class=\"attachment-thumbnail\" alt=\"\" title=\"1\" \/>                    <\/a>\n                            <\/div>\n                    <div class=\"ct-client-item\">\n                                    <a href=\"https:\/\/www.filacp.org\/web\/\" target=\"_blank\">\n                        <img loading=\"lazy\" decoding=\"async\" width=\"300\" height=\"300\" src=\"https:\/\/www.manuelbelen.com\/wp-content\/uploads\/2022\/05\/logos-cuadrado_Mesa-de-trabajo-1-copia-3-300x300.png\" class=\"attachment-thumbnail\" alt=\"\" title=\"square logos_Work table 1 copy 3\" \/>                    <\/a>\n                            <\/div>\n                    <div class=\"ct-client-item\">\n                                    <a href=\"http:\/\/www.sodocipre.net\" target=\"_blank\">\n                        <img loading=\"lazy\" decoding=\"async\" width=\"103\" height=\"103\" src=\"https:\/\/www.manuelbelen.com\/wp-content\/uploads\/2022\/05\/4.png\" class=\"attachment-thumbnail\" alt=\"\" title=\"4\" \/>                    <\/a>\n                            <\/div>\n                    <div class=\"ct-client-item\">\n                                    <a href=\"https:\/\/www.isaps.org\/es\/\" target=\"_blank\">\n                        <img loading=\"lazy\" decoding=\"async\" width=\"300\" height=\"300\" src=\"https:\/\/www.manuelbelen.com\/wp-content\/uploads\/2022\/05\/logos-cuadrado_Mesa-de-trabajo-1-copia-2-300x300.png\" class=\"attachment-thumbnail\" alt=\"\" title=\"square logos_Work table 1 copy 2\" \/>                    <\/a>\n                            <\/div>\n                    <div class=\"ct-client-item\">\n                                    <a href=\"https:\/\/www.icoplast.org\" target=\"_blank\">\n                        <img loading=\"lazy\" decoding=\"async\" width=\"300\" height=\"300\" src=\"https:\/\/www.manuelbelen.com\/wp-content\/uploads\/2022\/05\/logos-cuadrado_Mesa-de-trabajo-1-copia-300x300.png\" class=\"attachment-thumbnail\" alt=\"\" title=\"square logos_Work table 1 copy\" \/>                    <\/a>\n                            <\/div>\n                    <div class=\"ct-client-item\">\n                                    <a href=\"https:\/\/www.plasticsurgery.org\" target=\"_blank\">\n                        <img loading=\"lazy\" decoding=\"async\" width=\"300\" height=\"300\" src=\"https:\/\/www.manuelbelen.com\/wp-content\/uploads\/2022\/05\/logos-cuadrado_Mesa-de-trabajo-1-300x300.png\" class=\"attachment-thumbnail\" alt=\"\" title=\"square logos_Work table 1\" \/>                    <\/a>\n                            <\/div>\n            <\/div>\n\n<\/div><\/div><\/div><\/div>\n<\/section>","protected":false},"excerpt":{"rendered":"DR. MANUEL BELEN Graduated &quot;cum laude&quot; from the School of Medicine of the Technological Catholic University of Cibao UCATECI. Graduated with the title of &quot;General Surgeon&quot; from the General Surgery residency at the Dr. Luis E. Aybar Hospital. Graduated with the title of &quot;Plastic, Reconstructive and Aesthetic Surgeon&quot; from the National Residency of Plastic Surgery [...]","protected":false},"author":1,"featured_media":0,"parent":0,"menu_order":0,"comment_status":"closed","ping_status":"closed","template":"","meta":{"footnotes":""},"class_list":["post-1032","page","type-page","status-publish","hentry"],"_links":{"self":[{"href":"https:\/\/www.manuelbelen.com\/en\/wp-json\/wp\/v2\/pages\/1032","targetHints":{"allow":["GET"]}}],"collection":[{"href":"https:\/\/www.manuelbelen.com\/en\/wp-json\/wp\/v2\/pages"}],"about":[{"href":"https:\/\/www.manuelbelen.com\/en\/wp-json\/wp\/v2\/types\/page"}],"author":[{"embeddable":true,"href":"https:\/\/www.manuelbelen.com\/en\/wp-json\/wp\/v2\/users\/1"}],"replies":[{"embeddable":true,"href":"https:\/\/www.manuelbelen.com\/en\/wp-json\/wp\/v2\/comments?post=1032"}],"version-history":[{"count":0,"href":"https:\/\/www.manuelbelen.com\/en\/wp-json\/wp\/v2\/pages\/1032\/revisions"}],"wp:attachment":[{"href":"https:\/\/www.manuelbelen.com\/en\/wp-json\/wp\/v2\/media?parent=1032"}],"curies":[{"name":"wp","href":"https:\/\/api.w.org\/{rel}","templated":true}]}}